{"id":207,"date":"2019-12-03T18:50:04","date_gmt":"2019-12-03T18:50:04","guid":{"rendered":"https:\/\/www.bricspsuv.com\/congreso\/?page_id=207"},"modified":"2019-12-12T16:59:01","modified_gmt":"2019-12-12T16:59:01","slug":"retransmisiones","status":"publish","type":"page","link":"https:\/\/www.bricspsuv.com\/congreso\/retransmisiones\/","title":{"rendered":"RETRANSMISIONES"},"content":{"rendered":"\n<pre class=\"wp-block-verse has-text-align-center\"><strong>02 DE DICIEMBRE DE 2019<\/strong><\/pre>\n\n\n\n<div class=\"wp-block-columns is-layout-flex wp-container-core-columns-is-layout-9d6595d7 wp-block-columns-is-layout-flex\">\n<div class=\"wp-block-column is-layout-flow wp-block-column-is-layout-flow\" style=\"flex-basis:21.91%\"><\/div>\n\n\n\n<div class=\"wp-block-column is-layout-flow wp-block-column-is-layout-flow\" style=\"flex-basis:68.09%\">\n<figure class=\"wp-block-embed-twitter wp-block-embed is-type-rich is-provider-twitter\"><div class=\"wp-block-embed__wrapper\">\n<blockquote class=\"twitter-tweet\" data-width=\"550\" data-dnt=\"true\"><p lang=\"und\" dir=\"ltr\"><a href=\"https:\/\/t.co\/RoWvdWVi9V\">https:\/\/t.co\/RoWvdWVi9V<\/a><\/p>&mdash; Brics Psuv (@bricspsuv) <a href=\"https:\/\/twitter.com\/bricspsuv\/status\/1201640805653311488?ref_src=twsrc%5Etfw\">December 2, 2019<\/a><\/blockquote><script async src=\"https:\/\/platform.twitter.com\/widgets.js\" charset=\"utf-8\"><\/script>\n<\/div><figcaption><strong>\u00a1EN VIVO! CONGRESO INTERNACIONAL DE COMUNICACION<\/strong><\/figcaption><\/figure>\n\n\n\n<p><\/p>\n<\/div>\n\n\n\n<div class=\"wp-block-column is-layout-flow wp-block-column-is-layout-flow\" style=\"flex-basis:10%\"><\/div>\n<\/div>\n\n\n\n<pre class=\"wp-block-verse has-text-align-center\"><strong>03 DE DICIEMBRE DE 2019<\/strong><\/pre>\n\n\n\n<div class=\"wp-block-columns is-layout-flex wp-container-core-columns-is-layout-9d6595d7 wp-block-columns-is-layout-flex\">\n<div class=\"wp-block-column is-layout-flow wp-block-column-is-layout-flow\">\n<figure class=\"wp-block-embed-twitter aligncenter wp-block-embed is-type-rich is-provider-twitter\"><div class=\"wp-block-embed__wrapper\">\n<blockquote class=\"twitter-tweet\" data-width=\"550\" data-dnt=\"true\"><p lang=\"es\" dir=\"ltr\">PONENCIA COMUNICACI\u00d3N LIBERADORA ANTE LA CRISIS ESTRUCTURAL DEL CAPITAL. WALTER MART\u00cdNEZ Y LUIS BILBAO <a href=\"https:\/\/t.co\/DK8Er0pmr6\">https:\/\/t.co\/DK8Er0pmr6<\/a><\/p>&mdash; Brics Psuv (@bricspsuv) <a href=\"https:\/\/twitter.com\/bricspsuv\/status\/1201874342348386304?ref_src=twsrc%5Etfw\">December 3, 2019<\/a><\/blockquote><script async src=\"https:\/\/platform.twitter.com\/widgets.js\" charset=\"utf-8\"><\/script>\n<\/div><\/figure>\n<\/div>\n\n\n\n<div class=\"wp-block-column is-layout-flow wp-block-column-is-layout-flow\">\n<figure class=\"wp-block-embed-twitter aligncenter wp-block-embed is-type-rich is-provider-twitter\"><div class=\"wp-block-embed__wrapper\">\n<blockquote class=\"twitter-tweet\" data-width=\"550\" data-dnt=\"true\"><p lang=\"es\" dir=\"ltr\"><a href=\"https:\/\/twitter.com\/hashtag\/EnDIRECTO?src=hash&amp;ref_src=twsrc%5Etfw\">#EnDIRECTO<\/a> ? Nuestro delegado internacional, Fernando Buen Abad interviene en la mesa de trabajo N\u00b01 sobre la Universidad Internacional de la Comunicaci\u00f3n. <a href=\"https:\/\/twitter.com\/hashtag\/Comunicaci%C3%B3nLiberadora?src=hash&amp;ref_src=twsrc%5Etfw\">#Comunicaci\u00f3nLiberadora<\/a>  <a href=\"https:\/\/t.co\/N3Y9k3VbJf\">https:\/\/t.co\/N3Y9k3VbJf<\/a><\/p>&mdash; PSUV (@PartidoPSUV) <a href=\"https:\/\/twitter.com\/PartidoPSUV\/status\/1201863871838994432?ref_src=twsrc%5Etfw\">December 3, 2019<\/a><\/blockquote><script async src=\"https:\/\/platform.twitter.com\/widgets.js\" charset=\"utf-8\"><\/script>\n<\/div><\/figure>\n<\/div>\n\n\n\n<div class=\"wp-block-column is-layout-flow wp-block-column-is-layout-flow\">\n<figure class=\"wp-block-embed-twitter aligncenter wp-block-embed is-type-rich is-provider-twitter\"><div class=\"wp-block-embed__wrapper\">\n<blockquote class=\"twitter-tweet\" data-width=\"550\" data-dnt=\"true\"><p lang=\"es\" dir=\"ltr\"><a href=\"https:\/\/twitter.com\/hashtag\/EnDirecto?src=hash&amp;ref_src=twsrc%5Etfw\">#EnDirecto<\/a> | Diosdado Cabello desde la gran movilizaci\u00f3n en el marco del I Congreso Internacional de Comunicaci\u00f3n <a href=\"https:\/\/twitter.com\/hashtag\/HablanLosPueblos?src=hash&amp;ref_src=twsrc%5Etfw\">#HablanLosPueblos<\/a>.<br><br>+160 invitados internacionales desde <a href=\"https:\/\/twitter.com\/hashtag\/Venezuela?src=hash&amp;ref_src=twsrc%5Etfw\">#Venezuela<\/a>, alzando su voz contra el imperialismo.<a href=\"https:\/\/twitter.com\/hashtag\/FelizMartes?src=hash&amp;ref_src=twsrc%5Etfw\">#FelizMartes<\/a> <a href=\"https:\/\/twitter.com\/hashtag\/3Dic?src=hash&amp;ref_src=twsrc%5Etfw\">#3Dic<\/a>  <a href=\"https:\/\/t.co\/pzUTb8N0RP\">https:\/\/t.co\/pzUTb8N0RP<\/a><\/p>&mdash; \u273d Orlenys ?? (@OrlenysOV) <a href=\"https:\/\/twitter.com\/OrlenysOV\/status\/1201947104807194624?ref_src=twsrc%5Etfw\">December 3, 2019<\/a><\/blockquote><script async src=\"https:\/\/platform.twitter.com\/widgets.js\" charset=\"utf-8\"><\/script>\n<\/div><\/figure>\n<\/div>\n<\/div>\n\n\n\n<div class=\"wp-block-columns is-layout-flex wp-container-core-columns-is-layout-9d6595d7 wp-block-columns-is-layout-flex\">\n<div class=\"wp-block-column is-layout-flow wp-block-column-is-layout-flow\">\n<figure class=\"wp-block-embed-twitter aligncenter wp-block-embed is-type-rich is-provider-twitter\"><div class=\"wp-block-embed__wrapper\">\n<blockquote class=\"twitter-tweet\" data-width=\"550\" data-dnt=\"true\"><p lang=\"es\" dir=\"ltr\"><a href=\"https:\/\/twitter.com\/hashtag\/EnDirecto?src=hash&amp;ref_src=twsrc%5Etfw\">#EnDirecto<\/a> | Creaci\u00f3n de la Universidad Internacional de la Comunicaci\u00f3n.<br><br>Tania D\u00edaz (<a href=\"https:\/\/twitter.com\/taniapsuv?ref_src=twsrc%5Etfw\">@taniapsuv<\/a>), William Castillo (<a href=\"https:\/\/twitter.com\/planwac?ref_src=twsrc%5Etfw\">@planwac<\/a>) y C\u00e9sar Tr\u00f3mpiz, desde el Congreso Internacional de Comunicaci\u00f3n \u00a1Ahora, <a href=\"https:\/\/twitter.com\/hashtag\/HablanLosPueblos?src=hash&amp;ref_src=twsrc%5Etfw\">#HablanLosPueblos<\/a>!<a href=\"https:\/\/twitter.com\/hashtag\/4Dic?src=hash&amp;ref_src=twsrc%5Etfw\">#4Dic<\/a>  <a href=\"https:\/\/t.co\/C9q5oXid6c\">https:\/\/t.co\/C9q5oXid6c<\/a><\/p>&mdash; \u273d Orlenys ?? (@OrlenysOV) <a href=\"https:\/\/twitter.com\/OrlenysOV\/status\/1202287588624752640?ref_src=twsrc%5Etfw\">December 4, 2019<\/a><\/blockquote><script async src=\"https:\/\/platform.twitter.com\/widgets.js\" charset=\"utf-8\"><\/script>\n<\/div><\/figure>\n<\/div>\n\n\n\n<div class=\"wp-block-column is-layout-flow wp-block-column-is-layout-flow\">\n<iframe loading=\"lazy\" width=\"560\" height=\"315\" src=\"https:\/\/www.youtube.com\/embed\/yH7z8wydEgE\" frameborder=\"0\" allow=\"accelerometer; autoplay; encrypted-media; gyroscope; picture-in-picture\" allowfullscreen><\/iframe>\n\n\n\n<p class=\"has-text-align-center\"><strong>CONFERENCIA DE P\u00c9REZ PIRELA<\/strong><\/p>\n<\/div>\n<\/div>\n\n\n\n<pre class=\"wp-block-verse has-text-align-center\"><strong>04 DE DICIEMBRE DE 2019<\/strong><\/pre>\n\n\n\n<div class=\"wp-block-columns is-layout-flex wp-container-core-columns-is-layout-9d6595d7 wp-block-columns-is-layout-flex\">\n<div class=\"wp-block-column is-layout-flow wp-block-column-is-layout-flow\">\n<figure class=\"wp-block-embed-twitter aligncenter wp-block-embed is-type-rich is-provider-twitter\"><div class=\"wp-block-embed__wrapper\">\n<blockquote class=\"twitter-tweet\" data-width=\"550\" data-dnt=\"true\"><p lang=\"es\" dir=\"ltr\">CONGRESO INTERNACIONAL DE COMUNICACI\u00d3N <a href=\"https:\/\/t.co\/LEpcr6BwBQ\">https:\/\/t.co\/LEpcr6BwBQ<\/a><\/p>&mdash; Brics Psuv (@bricspsuv) <a href=\"https:\/\/twitter.com\/bricspsuv\/status\/1202243610063728641?ref_src=twsrc%5Etfw\">December 4, 2019<\/a><\/blockquote><script async src=\"https:\/\/platform.twitter.com\/widgets.js\" charset=\"utf-8\"><\/script>\n<\/div><\/figure>\n<\/div>\n\n\n\n<div class=\"wp-block-column is-layout-flow wp-block-column-is-layout-flow\">\n<figure class=\"wp-block-embed-twitter aligncenter wp-block-embed is-type-rich is-provider-twitter\"><div class=\"wp-block-embed__wrapper\">\n<blockquote class=\"twitter-tweet\" data-width=\"550\" data-dnt=\"true\"><p lang=\"es\" dir=\"ltr\"><a href=\"https:\/\/twitter.com\/hashtag\/EnVivo?src=hash&amp;ref_src=twsrc%5Etfw\">#EnVivo<\/a> ? | Clausura del I Congreso Internacional de Comunicaci\u00f3n &quot;Ahora Hablan Los Pueblos&quot;. <a href=\"https:\/\/twitter.com\/hashtag\/ComunicarParaVencer?src=hash&amp;ref_src=twsrc%5Etfw\">#ComunicarParaVencer<\/a><a href=\"https:\/\/t.co\/EMj596AFCn\">https:\/\/t.co\/EMj596AFCn<\/a><\/p>&mdash; Nicol\u00e1s Maduro (@NicolasMaduro) <a href=\"https:\/\/twitter.com\/NicolasMaduro\/status\/1202332107080638466?ref_src=twsrc%5Etfw\">December 4, 2019<\/a><\/blockquote><script async src=\"https:\/\/platform.twitter.com\/widgets.js\" charset=\"utf-8\"><\/script>\n<\/div><\/figure>\n<\/div>\n<\/div>\n","protected":false},"excerpt":{"rendered":"<p>02 DE DICIEMBRE DE 2019 03 DE DICIEMBRE DE 2019 CONFERENCIA DE P\u00c9REZ PIRELA 04 DE DICIEMBRE DE 2019<\/p>\n","protected":false},"author":1,"featured_media":0,"parent":0,"menu_order":0,"comment_status":"closed","ping_status":"closed","template":"","meta":{"pagelayer_contact_templates":[],"_pagelayer_content":"","footnotes":""},"class_list":["post-207","page","type-page","status-publish","hentry"],"jetpack_sharing_enabled":true,"_links":{"self":[{"href":"https:\/\/www.bricspsuv.com\/congreso\/wp-json\/wp\/v2\/pages\/207","targetHints":{"allow":["GET"]}}],"collection":[{"href":"https:\/\/www.bricspsuv.com\/congreso\/wp-json\/wp\/v2\/pages"}],"about":[{"href":"https:\/\/www.bricspsuv.com\/congreso\/wp-json\/wp\/v2\/types\/page"}],"author":[{"embeddable":true,"href":"https:\/\/www.bricspsuv.com\/congreso\/wp-json\/wp\/v2\/users\/1"}],"replies":[{"embeddable":true,"href":"https:\/\/www.bricspsuv.com\/congreso\/wp-json\/wp\/v2\/comments?post=207"}],"version-history":[{"count":32,"href":"https:\/\/www.bricspsuv.com\/congreso\/wp-json\/wp\/v2\/pages\/207\/revisions"}],"predecessor-version":[{"id":450,"href":"https:\/\/www.bricspsuv.com\/congreso\/wp-json\/wp\/v2\/pages\/207\/revisions\/450"}],"wp:attachment":[{"href":"https:\/\/www.bricspsuv.com\/congreso\/wp-json\/wp\/v2\/media?parent=207"}],"curies":[{"name":"wp","href":"https:\/\/api.w.org\/{rel}","templated":true}]}}